{"id":132,"date":"2026-01-07T12:56:39","date_gmt":"2026-01-07T12:56:39","guid":{"rendered":"https:\/\/convivium.archimadrid.es\/?page_id=132"},"modified":"2026-02-09T10:54:28","modified_gmt":"2026-02-09T10:54:28","slug":"horarios-convivium","status":"publish","type":"page","link":"https:\/\/convivium.archimadrid.es\/?page_id=132","title":{"rendered":"Horarios"},"content":{"rendered":"<p>[et_pb_section fb_built=\u00bb1&#8243; admin_label=\u00bbHeader\u00bb _builder_version=\u00bb4.20.0&#8243; _module_preset=\u00bbdefault\u00bb background_color=\u00bbgcid-3be8d3fa-8b11-41b4-b614-e601c43d7597&#8243; custom_padding=\u00bb||0px||false|false\u00bb collapsed=\u00bbon\u00bb global_colors_info=\u00bb{%22gcid-3be8d3fa-8b11-41b4-b614-e601c43d7597%22:%91%22background_color%22%93}\u00bb][et_pb_row _builder_version=\u00bb4.20.0&#8243; _module_preset=\u00bbdefault\u00bb width=\u00bb90%\u00bb max_width=\u00bbnone\u00bb global_colors_info=\u00bb{}\u00bb][et_pb_column type=\u00bb4_4&#8243; _builder_version=\u00bb4.20.0&#8243; _module_preset=\u00bbdefault\u00bb global_colors_info=\u00bb{}\u00bb][et_pb_text _builder_version=\u00bb4.27.4&#8243; _module_preset=\u00bb83bd7eed-a29f-4caf-900d-506ebe745ed4&#8243; global_colors_info=\u00bb{}\u00bb]<\/p>\n<h1>Horarios<\/h1>\n<p>[\/et_pb_text][\/et_pb_column][\/et_pb_row][\/et_pb_section][et_pb_section fb_built=\u00bb1&#8243; admin_label=\u00bbEvent Schedule\u00bb _builder_version=\u00bb4.20.0&#8243; _module_preset=\u00bbdefault\u00bb background_color=\u00bbgcid-3be8d3fa-8b11-41b4-b614-e601c43d7597&#8243; border_color_all=\u00bb#000000&#8243; border_width_bottom=\u00bb8px\u00bb collapsed=\u00bbon\u00bb global_colors_info=\u00bb{%22gcid-3be8d3fa-8b11-41b4-b614-e601c43d7597%22:%91%22background_color%22%93}\u00bb][et_pb_row _builder_version=\u00bb4.20.0&#8243; _module_preset=\u00bbdefault\u00bb width=\u00bb90%\u00bb max_width=\u00bb1400px\u00bb link_option_url=\u00bb#\u00bb border_color_all=\u00bb#000000&#8243; border_width_bottom=\u00bb2px\u00bb locked=\u00bboff\u00bb global_colors_info=\u00bb{}\u00bb transform_styles__hover_enabled=\u00bbon|hover\u00bb transform_scale__hover_enabled=\u00bbon|hover\u00bb transform_translate__hover_enabled=\u00bbon|desktop\u00bb transform_rotate__hover_enabled=\u00bbon|desktop\u00bb transform_skew__hover_enabled=\u00bbon|desktop\u00bb transform_origin__hover_enabled=\u00bbon|desktop\u00bb transform_scale__hover=\u00bb98%|98%\u00bb][et_pb_column type=\u00bb4_4&#8243; _builder_version=\u00bb4.20.0&#8243; _module_preset=\u00bbdefault\u00bb global_colors_info=\u00bb{}\u00bb][et_pb_blurb title=\u00bbLunes 9 febrero\u00bb image=\u00bbhttps:\/\/convivium.archimadrid.es\/wp-content\/uploads\/2026\/01\/Madrid-metropoli.png\u00bb _builder_version=\u00bb4.27.4&#8243; _module_preset=\u00bbba9b543d-5c8f-4885-8f82-e32ce493009e\u00bb locked=\u00bboff\u00bb global_colors_info=\u00bb{%22gcid-89ade5c1-8cb2-4026-a48f-a0b1f9f98f24%22:%91%22link_text_color%22,%22quote_border_color%22%93}\u00bb quote_font_size_tablet=\u00bb20px\u00bb quote_font_size_phone=\u00bb16px\u00bb quote_font_size_last_edited=\u00bbon|desktop\u00bb]<\/p>\n<p>Jornada orientada a la identidad sacerdotal del presb\u00edtero<\/p>\n<p>[\/et_pb_blurb][et_pb_text _builder_version=\u00bb4.27.4&#8243; _module_preset=\u00bb8e3905a9-a3d2-4cbd-92e7-e18b17f1868c\u00bb header_text_align=\u00bbleft\u00bb header_4_text_align=\u00bbleft\u00bb text_orientation=\u00bbright\u00bb custom_margin=\u00bb||0px||false|false\u00bb text_orientation_tablet=\u00bbleft\u00bb text_orientation_phone=\u00bbleft\u00bb text_orientation_last_edited=\u00bbon|tablet\u00bb global_colors_info=\u00bb{}\u00bb]<\/p>\n<h4>9:30 Bienvenida<\/h4>\n<p>[\/et_pb_text][et_pb_text _builder_version=\u00bb4.27.4&#8243; _module_preset=\u00bb8e3905a9-a3d2-4cbd-92e7-e18b17f1868c\u00bb header_text_align=\u00bbleft\u00bb header_4_text_align=\u00bbleft\u00bb text_orientation=\u00bbright\u00bb custom_margin=\u00bb||0px||false|false\u00bb text_orientation_tablet=\u00bbleft\u00bb text_orientation_phone=\u00bbleft\u00bb text_orientation_last_edited=\u00bbon|tablet\u00bb global_colors_info=\u00bb{}\u00bb]<\/p>\n<h4>10:00 Laudes<\/h4>\n<p>[\/et_pb_text][et_pb_text _builder_version=\u00bb4.27.4&#8243; _module_preset=\u00bb8e3905a9-a3d2-4cbd-92e7-e18b17f1868c\u00bb header_text_align=\u00bbleft\u00bb header_4_text_align=\u00bbleft\u00bb text_orientation=\u00bbright\u00bb custom_margin=\u00bb||0px||false|false\u00bb text_orientation_tablet=\u00bbleft\u00bb text_orientation_phone=\u00bbleft\u00bb text_orientation_last_edited=\u00bbon|tablet\u00bb global_colors_info=\u00bb{}\u00bb]<\/p>\n<h4>10:30 Apertura de Convivium<\/h4>\n<p>[\/et_pb_text][et_pb_text _builder_version=\u00bb4.27.4&#8243; _module_preset=\u00bb8e3905a9-a3d2-4cbd-92e7-e18b17f1868c\u00bb header_text_align=\u00bbleft\u00bb header_4_text_align=\u00bbleft\u00bb text_orientation=\u00bbright\u00bb custom_margin=\u00bb||0px||false|false\u00bb text_orientation_tablet=\u00bbleft\u00bb text_orientation_phone=\u00bbleft\u00bb text_orientation_last_edited=\u00bbon|tablet\u00bb global_colors_info=\u00bb{}\u00bb]<\/p>\n<h4>11:00 Ponencia<\/h4>\n<p>[\/et_pb_text][et_pb_text _builder_version=\u00bb4.27.4&#8243; _module_preset=\u00bb8e3905a9-a3d2-4cbd-92e7-e18b17f1868c\u00bb header_text_align=\u00bbleft\u00bb header_4_text_align=\u00bbleft\u00bb text_orientation=\u00bbright\u00bb custom_margin=\u00bb||0px||false|false\u00bb text_orientation_tablet=\u00bbleft\u00bb text_orientation_phone=\u00bbleft\u00bb text_orientation_last_edited=\u00bbon|tablet\u00bb global_colors_info=\u00bb{}\u00bb]<\/p>\n<h4>12:30 Conversaciones en el Esp\u00edritu<\/h4>\n<p>[\/et_pb_text][et_pb_text _builder_version=\u00bb4.27.4&#8243; _module_preset=\u00bb8e3905a9-a3d2-4cbd-92e7-e18b17f1868c\u00bb header_text_align=\u00bbleft\u00bb header_4_text_align=\u00bbleft\u00bb text_orientation=\u00bbright\u00bb custom_margin=\u00bb||0px||false|false\u00bb text_orientation_tablet=\u00bbleft\u00bb text_orientation_phone=\u00bbleft\u00bb text_orientation_last_edited=\u00bbon|tablet\u00bb global_colors_info=\u00bb{}\u00bb]<\/p>\n<h4>14:15 Comida<\/h4>\n<p>[\/et_pb_text][et_pb_text _builder_version=\u00bb4.27.4&#8243; _module_preset=\u00bb8e3905a9-a3d2-4cbd-92e7-e18b17f1868c\u00bb header_text_align=\u00bbleft\u00bb header_4_text_align=\u00bbleft\u00bb text_orientation=\u00bbright\u00bb custom_margin=\u00bb||0px||false|false\u00bb text_orientation_tablet=\u00bbleft\u00bb text_orientation_phone=\u00bbleft\u00bb text_orientation_last_edited=\u00bbon|tablet\u00bb global_colors_info=\u00bb{}\u00bb]<\/p>\n<h4>15:30 Focus groups<\/h4>\n<p>[\/et_pb_text][et_pb_text _builder_version=\u00bb4.27.4&#8243; _module_preset=\u00bb8e3905a9-a3d2-4cbd-92e7-e18b17f1868c\u00bb header_text_align=\u00bbleft\u00bb header_4_text_align=\u00bbleft\u00bb text_orientation=\u00bbright\u00bb custom_margin=\u00bb||0px||false|false\u00bb text_orientation_tablet=\u00bbleft\u00bb text_orientation_phone=\u00bbleft\u00bb text_orientation_last_edited=\u00bbon|tablet\u00bb global_colors_info=\u00bb{}\u00bb]<\/p>\n<h4>17:00 Plenaria<\/h4>\n<p>[\/et_pb_text][et_pb_text _builder_version=\u00bb4.27.4&#8243; _module_preset=\u00bb8e3905a9-a3d2-4cbd-92e7-e18b17f1868c\u00bb header_text_align=\u00bbleft\u00bb header_4_text_align=\u00bbleft\u00bb text_orientation=\u00bbright\u00bb custom_margin=\u00bb||0px||false|false\u00bb text_orientation_tablet=\u00bbleft\u00bb text_orientation_phone=\u00bbleft\u00bb text_orientation_last_edited=\u00bbon|tablet\u00bb global_colors_info=\u00bb{}\u00bb]<\/p>\n<h4>18:15 V\u00edsperas<\/h4>\n<p>[\/et_pb_text][et_pb_text _builder_version=\u00bb4.27.4&#8243; _module_preset=\u00bb8e3905a9-a3d2-4cbd-92e7-e18b17f1868c\u00bb header_text_align=\u00bbleft\u00bb header_4_text_align=\u00bbleft\u00bb text_orientation=\u00bbright\u00bb custom_margin=\u00bb||0px||false|false\u00bb text_orientation_tablet=\u00bbleft\u00bb text_orientation_phone=\u00bbleft\u00bb text_orientation_last_edited=\u00bbon|tablet\u00bb global_colors_info=\u00bb{}\u00bb]<\/p>\n<h4>19:30 Eucarist\u00eda en la catedral de la Almudena<\/h4>\n<p>[\/et_pb_text][\/et_pb_column][\/et_pb_row][et_pb_row _builder_version=\u00bb4.20.0&#8243; _module_preset=\u00bbdefault\u00bb width=\u00bb90%\u00bb max_width=\u00bb1400px\u00bb link_option_url=\u00bb#\u00bb border_color_all=\u00bb#000000&#8243; border_width_bottom=\u00bb2px\u00bb locked=\u00bboff\u00bb global_colors_info=\u00bb{}\u00bb transform_styles__hover_enabled=\u00bbon|hover\u00bb transform_scale__hover_enabled=\u00bbon|hover\u00bb transform_translate__hover_enabled=\u00bbon|desktop\u00bb transform_rotate__hover_enabled=\u00bbon|desktop\u00bb transform_skew__hover_enabled=\u00bbon|desktop\u00bb transform_origin__hover_enabled=\u00bbon|desktop\u00bb transform_scale__hover=\u00bb98%|98%\u00bb][et_pb_column type=\u00bb4_4&#8243; _builder_version=\u00bb4.20.0&#8243; _module_preset=\u00bbdefault\u00bb global_colors_info=\u00bb{}\u00bb][et_pb_blurb title=\u00bbMartes 10 febrero\u00bb image=\u00bbhttps:\/\/convivium.archimadrid.es\/wp-content\/uploads\/2025\/10\/sonrisa-sacerdotes.png\u00bb _builder_version=\u00bb4.27.4&#8243; _module_preset=\u00bbba9b543d-5c8f-4885-8f82-e32ce493009e\u00bb locked=\u00bboff\u00bb global_colors_info=\u00bb{%22gcid-89ade5c1-8cb2-4026-a48f-a0b1f9f98f24%22:%91%22link_text_color%22,%22quote_border_color%22%93}\u00bb quote_font_size_tablet=\u00bb20px\u00bb quote_font_size_phone=\u00bb16px\u00bb quote_font_size_last_edited=\u00bbon|desktop\u00bb]<\/p>\n<p>Jornada orientada a la misi\u00f3n en Madrid.<\/p>\n<p>[\/et_pb_blurb][et_pb_text _builder_version=\u00bb4.27.4&#8243; _module_preset=\u00bb8e3905a9-a3d2-4cbd-92e7-e18b17f1868c\u00bb header_text_align=\u00bbleft\u00bb header_4_text_align=\u00bbleft\u00bb text_orientation=\u00bbright\u00bb custom_margin=\u00bb||0px||false|false\u00bb text_orientation_tablet=\u00bbleft\u00bb text_orientation_phone=\u00bbleft\u00bb text_orientation_last_edited=\u00bbon|tablet\u00bb global_colors_info=\u00bb{}\u00bb]<\/p>\n<h4>9:30 Bienvenida<\/h4>\n<p>[\/et_pb_text][et_pb_text _builder_version=\u00bb4.27.4&#8243; _module_preset=\u00bb8e3905a9-a3d2-4cbd-92e7-e18b17f1868c\u00bb header_text_align=\u00bbleft\u00bb header_4_text_align=\u00bbleft\u00bb text_orientation=\u00bbright\u00bb custom_margin=\u00bb||0px||false|false\u00bb text_orientation_tablet=\u00bbleft\u00bb text_orientation_phone=\u00bbleft\u00bb text_orientation_last_edited=\u00bbon|tablet\u00bb global_colors_info=\u00bb{}\u00bb]<\/p>\n<h4>10:00 Laudes<\/h4>\n<p>[\/et_pb_text][et_pb_text _builder_version=\u00bb4.27.4&#8243; _module_preset=\u00bb8e3905a9-a3d2-4cbd-92e7-e18b17f1868c\u00bb header_text_align=\u00bbleft\u00bb header_4_text_align=\u00bbleft\u00bb text_orientation=\u00bbright\u00bb custom_margin=\u00bb||0px||false|false\u00bb text_orientation_tablet=\u00bbleft\u00bb text_orientation_phone=\u00bbleft\u00bb text_orientation_last_edited=\u00bbon|tablet\u00bb global_colors_info=\u00bb{}\u00bb]<\/p>\n<h4>10:30 Ponencia y coloquio<\/h4>\n<p>[\/et_pb_text][et_pb_text _builder_version=\u00bb4.27.4&#8243; _module_preset=\u00bb8e3905a9-a3d2-4cbd-92e7-e18b17f1868c\u00bb header_text_align=\u00bbleft\u00bb header_4_text_align=\u00bbleft\u00bb text_orientation=\u00bbright\u00bb custom_margin=\u00bb||0px||false|false\u00bb text_orientation_tablet=\u00bbleft\u00bb text_orientation_phone=\u00bbleft\u00bb text_orientation_last_edited=\u00bbon|tablet\u00bb global_colors_info=\u00bb{}\u00bb]<\/p>\n<h4>12:30 Sexta<\/h4>\n<p>[\/et_pb_text][et_pb_text _builder_version=\u00bb4.27.4&#8243; _module_preset=\u00bb8e3905a9-a3d2-4cbd-92e7-e18b17f1868c\u00bb header_text_align=\u00bbleft\u00bb header_4_text_align=\u00bbleft\u00bb text_orientation=\u00bbright\u00bb custom_margin=\u00bb||0px||false|false\u00bb text_orientation_tablet=\u00bbleft\u00bb text_orientation_phone=\u00bbleft\u00bb text_orientation_last_edited=\u00bbon|tablet\u00bb global_colors_info=\u00bb{}\u00bb]<\/p>\n<h4>12:45 Plenaria<\/h4>\n<p>[\/et_pb_text][et_pb_text _builder_version=\u00bb4.27.4&#8243; _module_preset=\u00bb8e3905a9-a3d2-4cbd-92e7-e18b17f1868c\u00bb header_text_align=\u00bbleft\u00bb header_4_text_align=\u00bbleft\u00bb text_orientation=\u00bbright\u00bb custom_margin=\u00bb||0px||false|false\u00bb text_orientation_tablet=\u00bbleft\u00bb text_orientation_phone=\u00bbleft\u00bb text_orientation_last_edited=\u00bbon|tablet\u00bb global_colors_info=\u00bb{}\u00bb]<\/p>\n<h4>13:30 Conclusiones<\/h4>\n<p>[\/et_pb_text][et_pb_text _builder_version=\u00bb4.27.4&#8243; _module_preset=\u00bb8e3905a9-a3d2-4cbd-92e7-e18b17f1868c\u00bb header_text_align=\u00bbleft\u00bb header_4_text_align=\u00bbleft\u00bb text_orientation=\u00bbright\u00bb custom_margin=\u00bb||0px||false|false\u00bb text_orientation_tablet=\u00bbleft\u00bb text_orientation_phone=\u00bbleft\u00bb text_orientation_last_edited=\u00bbon|tablet\u00bb global_colors_info=\u00bb{}\u00bb]<\/p>\n<h4>14:00 Despedida<\/h4>\n<p>[\/et_pb_text][\/et_pb_column][\/et_pb_row][\/et_pb_section][et_pb_section fb_built=\u00bb1&#8243; admin_label=\u00bbFooter\u00bb _builder_version=\u00bb4.20.0&#8243; _module_preset=\u00bbdefault\u00bb custom_padding=\u00bb0px||0px||true|false\u00bb saved_tabs=\u00bball\u00bb locked=\u00bboff\u00bb collapsed=\u00bbon\u00bb global_colors_info=\u00bb{}\u00bb][et_pb_row _builder_version=\u00bb4.27.4&#8243; _module_preset=\u00bbdefault\u00bb width=\u00bb100%\u00bb max_width=\u00bbnone\u00bb custom_padding=\u00bb0px||0px||true|false\u00bb locked=\u00bboff\u00bb global_colors_info=\u00bb{}\u00bb][et_pb_column type=\u00bb4_4&#8243; _builder_version=\u00bb4.27.4&#8243; _module_preset=\u00bbdefault\u00bb global_colors_info=\u00bb{}\u00bb][et_pb_image src=\u00bbhttps:\/\/convivium.archimadrid.es\/wp-content\/uploads\/2025\/10\/banner.png\u00bb title_text=\u00bbbanner\u00bb force_fullwidth=\u00bbon\u00bb _builder_version=\u00bb4.27.4&#8243; _module_preset=\u00bbdefault\u00bb global_colors_info=\u00bb{}\u00bb][\/et_pb_image][\/et_pb_column][\/et_pb_row][\/et_pb_section]<\/p>\n","protected":false},"excerpt":{"rendered":"<p>HorariosJornada orientada a la identidad sacerdotal del presb\u00edtero9:30 Bienvenida10:00 Laudes10:30 Apertura de Convivium11:00 Ponencia12:30 Conversaciones en el Esp\u00edritu14:15 Comida15:30 Focus groups17:00 Plenaria18:15 V\u00edsperas19:30 Eucarist\u00eda en la catedral de la AlmudenaJornada orientada a la misi\u00f3n en Madrid.9:30 Bienvenida10:00 Laudes10:30 Ponencia y coloquio12:30 Sexta12:45 Plenaria13:30 Conclusiones14:00 Despedida<\/p>\n","protected":false},"author":1,"featured_media":0,"parent":0,"menu_order":0,"comment_status":"closed","ping_status":"closed","template":"","meta":{"_et_pb_use_builder":"on","_et_pb_old_content":"","_et_gb_content_width":"","footnotes":""},"class_list":["post-132","page","type-page","status-publish","hentry"],"yoast_head":"<!-- This site is optimized with the Yoast SEO plugin v26.0 - https:\/\/yoast.com\/wordpress\/plugins\/seo\/ -->\n<title>Horarios - Convivium<\/title>\n<meta name=\"robots\" content=\"index, follow, max-snippet:-1, max-image-preview:large, max-video-preview:-1\" \/>\n<link rel=\"canonical\" href=\"https:\/\/convivium.archimadrid.es\/?page_id=132\" \/>\n<meta property=\"og:locale\" content=\"es_ES\" \/>\n<meta property=\"og:type\" content=\"article\" \/>\n<meta property=\"og:title\" content=\"Horarios - Convivium\" \/>\n<meta property=\"og:description\" content=\"HorariosJornada orientada a la identidad sacerdotal del presb\u00edtero9:30 Bienvenida10:00 Laudes10:30 Apertura de Convivium11:00 Ponencia12:30 Conversaciones en el Esp\u00edritu14:15 Comida15:30 Focus groups17:00 Plenaria18:15 V\u00edsperas19:30 Eucarist\u00eda en la catedral de la AlmudenaJornada orientada a la misi\u00f3n en Madrid.9:30 Bienvenida10:00 Laudes10:30 Ponencia y coloquio12:30 Sexta12:45 Plenaria13:30 Conclusiones14:00 Despedida\" \/>\n<meta property=\"og:url\" content=\"https:\/\/convivium.archimadrid.es\/?page_id=132\" \/>\n<meta property=\"og:site_name\" content=\"Convivium\" \/>\n<meta property=\"article:modified_time\" content=\"2026-02-09T10:54:28+00:00\" \/>\n<meta name=\"twitter:card\" content=\"summary_large_image\" \/>\n<meta name=\"twitter:label1\" content=\"Tiempo de lectura\" \/>\n\t<meta name=\"twitter:data1\" content=\"2 minutos\" \/>\n<script type=\"application\/ld+json\" class=\"yoast-schema-graph\">{\"@context\":\"https:\/\/schema.org\",\"@graph\":[{\"@type\":\"WebPage\",\"@id\":\"https:\/\/convivium.archimadrid.es\/?page_id=132\",\"url\":\"https:\/\/convivium.archimadrid.es\/?page_id=132\",\"name\":\"Horarios - Convivium\",\"isPartOf\":{\"@id\":\"https:\/\/convivium.archimadrid.es\/#website\"},\"datePublished\":\"2026-01-07T12:56:39+00:00\",\"dateModified\":\"2026-02-09T10:54:28+00:00\",\"breadcrumb\":{\"@id\":\"https:\/\/convivium.archimadrid.es\/?page_id=132#breadcrumb\"},\"inLanguage\":\"es\",\"potentialAction\":[{\"@type\":\"ReadAction\",\"target\":[\"https:\/\/convivium.archimadrid.es\/?page_id=132\"]}]},{\"@type\":\"BreadcrumbList\",\"@id\":\"https:\/\/convivium.archimadrid.es\/?page_id=132#breadcrumb\",\"itemListElement\":[{\"@type\":\"ListItem\",\"position\":1,\"name\":\"Portada\",\"item\":\"https:\/\/convivium.archimadrid.es\/\"},{\"@type\":\"ListItem\",\"position\":2,\"name\":\"Horarios\"}]},{\"@type\":\"WebSite\",\"@id\":\"https:\/\/convivium.archimadrid.es\/#website\",\"url\":\"https:\/\/convivium.archimadrid.es\/\",\"name\":\"Convivium\",\"description\":\"Asamblea presbiteral\",\"potentialAction\":[{\"@type\":\"SearchAction\",\"target\":{\"@type\":\"EntryPoint\",\"urlTemplate\":\"https:\/\/convivium.archimadrid.es\/?s={search_term_string}\"},\"query-input\":{\"@type\":\"PropertyValueSpecification\",\"valueRequired\":true,\"valueName\":\"search_term_string\"}}],\"inLanguage\":\"es\"}]}<\/script>\n<!-- \/ Yoast SEO plugin. -->","yoast_head_json":{"title":"Horarios - Convivium","robots":{"index":"index","follow":"follow","max-snippet":"max-snippet:-1","max-image-preview":"max-image-preview:large","max-video-preview":"max-video-preview:-1"},"canonical":"https:\/\/convivium.archimadrid.es\/?page_id=132","og_locale":"es_ES","og_type":"article","og_title":"Horarios - Convivium","og_description":"HorariosJornada orientada a la identidad sacerdotal del presb\u00edtero9:30 Bienvenida10:00 Laudes10:30 Apertura de Convivium11:00 Ponencia12:30 Conversaciones en el Esp\u00edritu14:15 Comida15:30 Focus groups17:00 Plenaria18:15 V\u00edsperas19:30 Eucarist\u00eda en la catedral de la AlmudenaJornada orientada a la misi\u00f3n en Madrid.9:30 Bienvenida10:00 Laudes10:30 Ponencia y coloquio12:30 Sexta12:45 Plenaria13:30 Conclusiones14:00 Despedida","og_url":"https:\/\/convivium.archimadrid.es\/?page_id=132","og_site_name":"Convivium","article_modified_time":"2026-02-09T10:54:28+00:00","twitter_card":"summary_large_image","twitter_misc":{"Tiempo de lectura":"2 minutos"},"schema":{"@context":"https:\/\/schema.org","@graph":[{"@type":"WebPage","@id":"https:\/\/convivium.archimadrid.es\/?page_id=132","url":"https:\/\/convivium.archimadrid.es\/?page_id=132","name":"Horarios - Convivium","isPartOf":{"@id":"https:\/\/convivium.archimadrid.es\/#website"},"datePublished":"2026-01-07T12:56:39+00:00","dateModified":"2026-02-09T10:54:28+00:00","breadcrumb":{"@id":"https:\/\/convivium.archimadrid.es\/?page_id=132#breadcrumb"},"inLanguage":"es","potentialAction":[{"@type":"ReadAction","target":["https:\/\/convivium.archimadrid.es\/?page_id=132"]}]},{"@type":"BreadcrumbList","@id":"https:\/\/convivium.archimadrid.es\/?page_id=132#breadcrumb","itemListElement":[{"@type":"ListItem","position":1,"name":"Portada","item":"https:\/\/convivium.archimadrid.es\/"},{"@type":"ListItem","position":2,"name":"Horarios"}]},{"@type":"WebSite","@id":"https:\/\/convivium.archimadrid.es\/#website","url":"https:\/\/convivium.archimadrid.es\/","name":"Convivium","description":"Asamblea presbiteral","potentialAction":[{"@type":"SearchAction","target":{"@type":"EntryPoint","urlTemplate":"https:\/\/convivium.archimadrid.es\/?s={search_term_string}"},"query-input":{"@type":"PropertyValueSpecification","valueRequired":true,"valueName":"search_term_string"}}],"inLanguage":"es"}]}},"_links":{"self":[{"href":"https:\/\/convivium.archimadrid.es\/index.php?rest_route=\/wp\/v2\/pages\/132","targetHints":{"allow":["GET"]}}],"collection":[{"href":"https:\/\/convivium.archimadrid.es\/index.php?rest_route=\/wp\/v2\/pages"}],"about":[{"href":"https:\/\/convivium.archimadrid.es\/index.php?rest_route=\/wp\/v2\/types\/page"}],"author":[{"embeddable":true,"href":"https:\/\/convivium.archimadrid.es\/index.php?rest_route=\/wp\/v2\/users\/1"}],"replies":[{"embeddable":true,"href":"https:\/\/convivium.archimadrid.es\/index.php?rest_route=%2Fwp%2Fv2%2Fcomments&post=132"}],"version-history":[{"count":11,"href":"https:\/\/convivium.archimadrid.es\/index.php?rest_route=\/wp\/v2\/pages\/132\/revisions"}],"predecessor-version":[{"id":225,"href":"https:\/\/convivium.archimadrid.es\/index.php?rest_route=\/wp\/v2\/pages\/132\/revisions\/225"}],"wp:attachment":[{"href":"https:\/\/convivium.archimadrid.es\/index.php?rest_route=%2Fwp%2Fv2%2Fmedia&parent=132"}],"curies":[{"name":"wp","href":"https:\/\/api.w.org\/{rel}","templated":true}]}}